{"id":32694,"date":"2019-09-19T17:21:00","date_gmt":"2019-09-19T15:21:00","guid":{"rendered":"https:\/\/drogriporter.hu\/?page_id=32694"},"modified":"2024-05-06T15:22:03","modified_gmt":"2024-05-06T13:22:03","slug":"nonexistent-we-exist","status":"publish","type":"page","link":"https:\/\/drogriporter.hu\/en\/nonexistent-we-exist\/","title":{"rendered":"Nonexistent? We Exist!"},"content":{"rendered":"\n<h1>\n\t\tNONEXISTENT? We Exist!\n\t<\/h1>\n\tA documentary on the inspiring efforts of communities<br>\nworking on the streets of Russia to try and halt the HIV epidemic.\n\t\t\t<a href=\"#film\" target=\"_self\" rel=\"noopener\">\n\t\t\t\t\t\t\tWatch the film!\n\t\t\t\t\t<\/a>\n<h2>\n\t\tAbout the Film\n\t<\/h2>\n\t<p>&#8216;Nonexistent? We Exist!&#8217; is a documentary film about the communities of people living with HIV in Russia.<\/p>\n<p>It tells the story of how the members of the most vulnerable communities affected by the HIV epidemic, such as drug users, sex workers, and LGBTQ people, struggle for survival and dignity in a hostile cultural and political environment. Through their eyes, it shows the successes and challenges civil society organisations face when they implement HIV prevention, treatment, and care services in 7 Russian cities: Moscow, Saint Petersburg, Yekaterinburg, Naberezhnye Chelny, Almetyevsk, Kazan and Kaliningrad.<\/p>\n<p>The movie is not only about these communities &#8211; it was produced by the members of the same communities.<\/p>\n<p>Created in partnership with Drug Users News and with support from Rights Reporter Foundation, the film reveals street outreach work, interviews with clients, personal success stories, and the continuous fight for one&#8217;s life &#8211; all sides of the Program which are not often shown in official reports, yet remain some of the most important.<\/p>\n<p>The film summarises the life saving efforts funded by the Global Fund to Fight AIDS, Tuberculosis and Malaria. One of the main issues regarding this work is the lack of mechanisms for continuous funding of these vital efforts, which needs critical attention from Russian and foreign donors. Our film allows you to find out exactly what funding can go towards for the continuation of this work, which is so important for the preservation of services and support for people whose right to health is not always fully upheld due to various barriers.<\/p>\n\t<iframe loading=\"lazy\" title=\"#Nonexistent? We exist!\" width=\"500\" height=\"281\" src=\"https:\/\/www.youtube.com\/embed\/R6kGM3PMG58?feature=oembed\" frameborder=\"0\" allow=\"accelerometer; autoplay; clipboard-write; encrypted-media; gyroscope; picture-in-picture; web-share\" referrerpolicy=\"strict-origin-when-cross-origin\" allowfullscreen=\"\"><\/iframe>\n<h2>\n\t\tStill images from the film and the filming process\n\t<\/h2>\n<h2>\n\t\tCredits\n\t<\/h2>\n\t<p>Camera: <strong>Istv\u00e1n G\u00e1bor Tak\u00e1cs and <\/strong><strong>Alexei Kurmanaevskii<\/strong><\/p>\n<p>Editing &amp; post production: I<strong>gor Kuzmenko <\/strong><\/p>\n<p>Screenplay: <strong>Alexei Kurmanaevskii and <\/strong><strong>Igor Kuzmenko<\/strong><\/p>\n<p>Titles &amp; posters: <strong>Igor Kuzmenko<\/strong><\/p>\n<p>Narration: <strong>Alexei Kurmanaevskii<\/strong><\/p>\n<p>Translation: <strong>P\u043elin\u0430 Tal Meltzer<\/strong><\/p>\n<p>Produced by <strong>DUNews<\/strong>, with support of <a href=\"https:\/\/www.rightsreporter.net\/\"><strong>Rights Reporter Foundation<\/strong><\/a>, <a href=\"https:\/\/www.aidslaw.ca\/site\/?lang=en\"><strong>Canadian HIV\/AIDS Legal Network<\/strong><\/a> and <strong>&#8220;The Candle&#8221; Charity Fund<\/strong>.<\/p>\n<p>Producers: <strong>Peter Sarosi<\/strong>, <strong>Istv\u00e1n G\u00e1bor Tak\u00e1cs<\/strong>, <strong>Michail Golichenko<\/strong>, <strong>Alexei Kurmanaevskii<\/strong>, <strong>Igor Kuzmenko<\/strong>, <strong>Maria Jakovleva and <\/strong><strong>Alena Asaeva.<\/strong><\/p>\n","protected":false},"excerpt":{"rendered":"<p>A documentary on the inspiring efforts of communities<br \/>\nworking on the streets of Russia to try and halt the HIV epidemic.<\/p>\n","protected":false},"author":1002,"featured_media":0,"parent":0,"menu_order":0,"comment_status":"closed","ping_status":"closed","template":"page_builder.php","meta":{"_genesis_hide_title":false,"_genesis_hide_breadcrumbs":false,"_genesis_hide_singular_image":false,"_genesis_hide_footer_widgets":false,"_genesis_custom_body_class":"","_genesis_custom_post_class":"","_genesis_layout":"","footnotes":""},"class_list":{"0":"post-32694","1":"page","2":"type-page","3":"status-publish","5":"entry"},"featured_image_src":null,"yoast_head":"<!-- This site is optimized with the Yoast SEO Premium plugin  - https:\/\/yoast.com\/product\/yoast-seo-premium-wordpress\/ -->\n<title>Nonexistent? We Exist! - Drugreporter<\/title>\n<meta name=\"robots\" content=\"index, follow, max-snippet:-1, max-image-preview:large, max-video-preview:-1\" \/>\n<link rel=\"canonical\" href=\"https:\/\/drogriporter.hu\/en\/nonexistent-we-exist\/\" \/>\n<meta property=\"og:locale\" content=\"en_US\" \/>\n<meta property=\"og:type\" content=\"article\" \/>\n<meta property=\"og:title\" content=\"Nonexistent? We Exist!\" \/>\n<meta property=\"og:description\" content=\"A documentary on the inspiring efforts of communities working on the streets of Russia to try and halt the HIV epidemic.\" \/>\n<meta property=\"og:url\" content=\"https:\/\/drogriporter.hu\/en\/nonexistent-we-exist\/\" \/>\n<meta property=\"og:site_name\" content=\"Drugreporter\" \/>\n<meta property=\"article:modified_time\" content=\"2024-05-06T13:22:03+00:00\" \/>\n<meta name=\"twitter:card\" content=\"summary_large_image\" \/>\n<meta name=\"twitter:label1\" content=\"Est. reading time\" \/>\n\t<meta name=\"twitter:data1\" content=\"6 minutes\" \/>\n<script type=\"application\/ld+json\" class=\"yoast-schema-graph\">{\"@context\":\"https:\\\/\\\/schema.org\",\"@graph\":[{\"@type\":\"WebPage\",\"@id\":\"https:\\\/\\\/drogriporter.hu\\\/en\\\/nonexistent-we-exist\\\/\",\"url\":\"https:\\\/\\\/drogriporter.hu\\\/en\\\/nonexistent-we-exist\\\/\",\"name\":\"Nonexistent? We Exist! - Drugreporter\",\"isPartOf\":{\"@id\":\"https:\\\/\\\/drogriporter.hu\\\/en\\\/#website\"},\"datePublished\":\"2019-09-19T15:21:00+00:00\",\"dateModified\":\"2024-05-06T13:22:03+00:00\",\"breadcrumb\":{\"@id\":\"https:\\\/\\\/drogriporter.hu\\\/en\\\/nonexistent-we-exist\\\/#breadcrumb\"},\"inLanguage\":\"en-US\",\"potentialAction\":[{\"@type\":\"ReadAction\",\"target\":[\"https:\\\/\\\/drogriporter.hu\\\/en\\\/nonexistent-we-exist\\\/\"]}]},{\"@type\":\"BreadcrumbList\",\"@id\":\"https:\\\/\\\/drogriporter.hu\\\/en\\\/nonexistent-we-exist\\\/#breadcrumb\",\"itemListElement\":[{\"@type\":\"ListItem\",\"position\":1,\"name\":\"Home\",\"item\":\"https:\\\/\\\/drogriporter.hu\\\/en\\\/\"},{\"@type\":\"ListItem\",\"position\":2,\"name\":\"Nonexistent? We Exist!\"}]},{\"@type\":\"WebSite\",\"@id\":\"https:\\\/\\\/drogriporter.hu\\\/en\\\/#website\",\"url\":\"https:\\\/\\\/drogriporter.hu\\\/en\\\/\",\"name\":\"Drugreporter\",\"description\":\"News and Films from the Frontline of the War on Drugs\",\"potentialAction\":[{\"@type\":\"SearchAction\",\"target\":{\"@type\":\"EntryPoint\",\"urlTemplate\":\"https:\\\/\\\/drogriporter.hu\\\/en\\\/?s={search_term_string}\"},\"query-input\":{\"@type\":\"PropertyValueSpecification\",\"valueRequired\":true,\"valueName\":\"search_term_string\"}}],\"inLanguage\":\"en-US\"}]}<\/script>\n<!-- \/ Yoast SEO Premium plugin. -->","yoast_head_json":{"title":"Nonexistent? We Exist! - Drugreporter","robots":{"index":"index","follow":"follow","max-snippet":"max-snippet:-1","max-image-preview":"max-image-preview:large","max-video-preview":"max-video-preview:-1"},"canonical":"https:\/\/drogriporter.hu\/en\/nonexistent-we-exist\/","og_locale":"en_US","og_type":"article","og_title":"Nonexistent? We Exist!","og_description":"A documentary on the inspiring efforts of communities working on the streets of Russia to try and halt the HIV epidemic.","og_url":"https:\/\/drogriporter.hu\/en\/nonexistent-we-exist\/","og_site_name":"Drugreporter","article_modified_time":"2024-05-06T13:22:03+00:00","twitter_card":"summary_large_image","twitter_misc":{"Est. reading time":"6 minutes"},"schema":{"@context":"https:\/\/schema.org","@graph":[{"@type":"WebPage","@id":"https:\/\/drogriporter.hu\/en\/nonexistent-we-exist\/","url":"https:\/\/drogriporter.hu\/en\/nonexistent-we-exist\/","name":"Nonexistent? We Exist! - Drugreporter","isPartOf":{"@id":"https:\/\/drogriporter.hu\/en\/#website"},"datePublished":"2019-09-19T15:21:00+00:00","dateModified":"2024-05-06T13:22:03+00:00","breadcrumb":{"@id":"https:\/\/drogriporter.hu\/en\/nonexistent-we-exist\/#breadcrumb"},"inLanguage":"en-US","potentialAction":[{"@type":"ReadAction","target":["https:\/\/drogriporter.hu\/en\/nonexistent-we-exist\/"]}]},{"@type":"BreadcrumbList","@id":"https:\/\/drogriporter.hu\/en\/nonexistent-we-exist\/#breadcrumb","itemListElement":[{"@type":"ListItem","position":1,"name":"Home","item":"https:\/\/drogriporter.hu\/en\/"},{"@type":"ListItem","position":2,"name":"Nonexistent? We Exist!"}]},{"@type":"WebSite","@id":"https:\/\/drogriporter.hu\/en\/#website","url":"https:\/\/drogriporter.hu\/en\/","name":"Drugreporter","description":"News and Films from the Frontline of the War on Drugs","potentialAction":[{"@type":"SearchAction","target":{"@type":"EntryPoint","urlTemplate":"https:\/\/drogriporter.hu\/en\/?s={search_term_string}"},"query-input":{"@type":"PropertyValueSpecification","valueRequired":true,"valueName":"search_term_string"}}],"inLanguage":"en-US"}]}},"featured_image_src_square":null,"_links":{"self":[{"href":"https:\/\/drogriporter.hu\/en\/wp-json\/wp\/v2\/pages\/32694","targetHints":{"allow":["GET"]}}],"collection":[{"href":"https:\/\/drogriporter.hu\/en\/wp-json\/wp\/v2\/pages"}],"about":[{"href":"https:\/\/drogriporter.hu\/en\/wp-json\/wp\/v2\/types\/page"}],"author":[{"embeddable":true,"href":"https:\/\/drogriporter.hu\/en\/wp-json\/wp\/v2\/users\/1002"}],"replies":[{"embeddable":true,"href":"https:\/\/drogriporter.hu\/en\/wp-json\/wp\/v2\/comments?post=32694"}],"version-history":[{"count":0,"href":"https:\/\/drogriporter.hu\/en\/wp-json\/wp\/v2\/pages\/32694\/revisions"}],"wp:attachment":[{"href":"https:\/\/drogriporter.hu\/en\/wp-json\/wp\/v2\/media?parent=32694"}],"curies":[{"name":"wp","href":"https:\/\/api.w.org\/{rel}","templated":true}]}}