{"id":32818,"date":"2017-03-30T10:10:00","date_gmt":"2017-03-30T08:10:00","guid":{"rendered":"https:\/\/drogriporter.hu\/?page_id=32818"},"modified":"2024-05-07T10:55:20","modified_gmt":"2024-05-07T08:55:20","slug":"a-day-in-the-life-id","status":"publish","type":"page","link":"https:\/\/drogriporter.hu\/en\/a-day-in-the-life-id\/","title":{"rendered":"Satu hari dalam kehidupan: Dunia orang-orang yang menggunakan napza"},"content":{"rendered":"\n\n\t<p><a href=\"https:\/\/drogriporter.hu\/en\/a-day-in-the-life-de\">BERLIN<\/a>\u00a0 \u00a0 \u00a0 <a href=\"https:\/\/drogriporter.hu\/en\/a-day-in-the-life-hu\">BUDAPEST<\/a> \u00a0 \u00a0 <a href=\"https:\/\/drogriporter.hu\/en\/a-day-in-the-life-ru\">\u0421\u0418\u041c\u0424\u0415\u0420\u041e\u041f\u041e\u041b\u042c<\/a> \u00a0 \u00a0 <a href=\"https:\/\/drogriporter.hu\/en\/a-day-in-the-life-es\">CIUDAD DE M\u00c9XICO<\/a> \u00a0 \u00a0 <a href=\"https:\/\/drogriporter.hu\/en\/a-day-in-the-life-id\">JAKARTA<\/a> \u00a0 \u00a0 <a href=\"https:\/\/drogriporter.hu\/en\/a-day-in-the-life-ng\">LAGOS<\/a> \u00a0 \u00a0 <a href=\"https:\/\/drogriporter.hu\/en\/a-day-in-the-life\/\">NEW YORK<\/a><\/p>\n<h6>\n\t\tSatu hari dalam kehidupan:\n\t<\/h6>\n<h6>\n\t\tDunia orang-orang yang menggunakan napza\n\t<\/h6>\n<h2>\n\t\t&#8220;Film ini memberikan kita suatu tontonan yang sangat berarti dengan melihat hidup secara mendalam, menakjubkan dan menginspirasi melihat ketangguhan sosok manusia dari pengguna napza.&#8221; Gabor Mat\u00e9 M.D.\n\t<\/h2>\n\t\t\t\t<img loading=\"lazy\" decoding=\"async\" src=\"https:\/\/drogriporter.hu\/wp-content\/uploads\/sites\/8\/2020\/11\/awards-768x183-1-300x71.png\" alt=\"awards-768x183\" itemprop=\"image\" height=\"71\" width=\"300\" title=\"awards-768x183\" onerror=\"this.style.display='none'\"  \/>\n<h2>\n\t\tTentang film dokumenter\n\t<\/h2>\n\t<p>Film ini mengangkat cerita satu hari dari tujuh orang, yang berasal dari tujuh kota di tujuh negara yang berbeda, dari pagi hingga malam. Ketujuh orang ini memiliki sesuatu yang sama-semuanya menggunakan napza. Namun hidup sebagai pengguna napza bukan satu-satunya hal yang mendefinisikan hidup mereka. Tujuh orang ini memiliki kepribadian, cerita dan jaringan sosial yang unik. Lingkungan tempat tinggal mereka, perilaku yang diterima, hukum yang meregulasi penggunaan napza dan layanan kesehatan yang tersedia memiliki dampak yang besar dalam kehidupan mereka. Film ini bukan hanya mengenai pengguna napza, namun juga diproduksi oleh pengguna napza. Film ini menantang mitos umum dan prekonsepsi mengenai napza dan orang yang menggunakan napza. Kami berharap film ini dapat menjadi cara bagi para pengguna napza untuk menyuarakan cerita dari kelompok yang paling termarjinalkan, untuk mengangkat cerita mengenai cinta, benci, kesengsaraan dan kebahagiaan. Dalam film ini, ketujuh orang ini juga menunjukkan bagaimana mereka terlibat dalam aktivisme sosial untuk memecah keheningan dan melawan stigma yang membayangi hari-hari mereka. Film ini memenangkan medali emas untuk dokumenter terbaik di <a href=\"https:\/\/drogriporter.hu\/en\/kreativ2017prize\/\" target=\"_blank\" rel=\"noopener\">Penghargaan Video Online Majalah Kreat\u00edv pada tahun 2017 di Hongaria<\/a>.<\/p>\n<h2>\n\t\t Cuplikan\n\t<\/h2>\n\t<iframe loading=\"lazy\" title=\"A DAY IN THE LIFE: The World of Humans Who Use Drugs (TRAILER)\" width=\"500\" height=\"281\" src=\"https:\/\/www.youtube.com\/embed\/HnYbhpPqQsM?feature=oembed\" frameborder=\"0\" allow=\"accelerometer; autoplay; clipboard-write; encrypted-media; gyroscope; picture-in-picture; web-share\" referrerpolicy=\"strict-origin-when-cross-origin\" allowfullscreen><\/iframe>\n<h2>\n\t\tFilm lengkap dengan teks bahasa Inggris\n\t<\/h2>\n\t<center><iframe loading=\"lazy\" width=\"1060\" height=\"596\" src=\"https:\/\/www.youtube.com\/embed\/FtlmZDifl74?hl=id&#038;cc_lang_pref=id&#038;cc_load_policy=1\" frameborder=\"0\" allow=\"accelerometer; autoplay; clipboard-write; encrypted-media; gyroscope; picture-in-picture\"  allowfullscreen><\/iframe><\/center>\n\t\t\t<a href=\"https:\/\/www.dropbox.com\/sh\/z49zmc9cop3rqr9\/AABhlFZ86LOGIY5e23o_xrWja?dl=0\" target=\"_blank\" rel=\"noopener\">\n\t\t\t\t\t\t\tAnda dapat mendownload file video dan subtitle di sini!\n\t\t\t\t\t<\/a>\n<h2>\n\t\tTanda kutip\n\t<\/h2>\n\t<p>&#8220;Dari Crimea ke Budapest, dari New York dan kota Meksiko ke Indonesia dan Nigera. Film pedih ini memberi kita kesempatan untuk melihat dengan lebih dekat mengenai kehidupan, kesengsaraan dan kemampuan para pengguna napza untuk bangkit kembali dan memberikan inspirasi pada orang lain. Pesan yang ingin disampaikan melalui film ini adalah mengenai kasih sayang dan visi tanggapan yang efektif kepada krisis napza internasional berada dalam genggaman kami.&#8221;<\/p>\n<strong>Gabor Mat\u00e9 M.D. Penulis<br \/>\n<\/strong>In The Realm of Hungry Ghosts: Close Encounters With Addiction\n\t<p>&#8220;Prasangka dan stigma yang dihadapi pengguna napza setiap hari dan di seluruh dunia, tidak akan mengurangi kecuali bersama mereka, kita melawan kesalahpahaman dan mengubah mengubah persepsi negative yang mereka derita dari linguknan sekitar. Ini adalah kekuatan dari film ini.&#8221;<\/p>\n<strong>Michel Kazatchkine<\/strong><br \/>\nUN Secretary-General&#8217;s Special Envoy on HIV\/AIDS in Eastern Europe and Central Asia\n<h2>\n\t\tMengenai Para Penulis\n\t<\/h2>\n\t<p>Film ini dibuat oleh orang-orang yang menggunakan napza dan aktivis hak asasi manusia di tujuh kota di seluruh dunia. Mereka adalah anggota dari Video for Drug Policy Reform Network, oleh\u00a0<a href=\"https:\/\/www.rightsreporter.net\/\" target=\"_blank\" rel=\"noopener\">Rights Reporter Foundation<\/a><\/p>\n\t<p><strong>CAST<\/strong><\/p>\n<p>BERLIN: Claudia Schieren<\/p>\n<p>BUDAPEST: \u00c9va and Oszk\u00e1r<\/p>\n<p>JAKARTA: Edo Agustian<\/p>\n<p>LAGOS: Diana Joseph<\/p>\n<p>KOTA MEKSIKO: Brun Gonz\u00e1lez<\/p>\n<p>NEW YORK: Jimmy Ruiz<\/p>\n<p>SIMFEROPOL: Alexey Kurmanaevskii<\/p>\n\t<p><strong>SUTRADARA DAN KRU FILM:<\/strong><\/p>\n<p>BERLIN: Alexandra Gurinova, \u00c1gnes P\u00e1kozdi, Dirk Sch\u00e4ffer<\/p>\n<p>BUDAPEST: Istv\u00e1n G\u00e1bor Tak\u00e1cs<\/p>\n<p>JAKARTA: Fazrie Permana,\u00a0<a href=\"https:\/\/korbannapza.org\/\" target=\"_blank\" rel=\"noopener\">Indonesian Drug Users Network<\/a><\/p>\n<p>LAGOS: Kolawole Oreoluwa, Akeem Lukman, Muritala Raheemat Module<\/p>\n<p>KOTA MEKSIKO: Karina Muscarina<\/p>\n<p>NEW YORK: Taeko Frost, Matt Curtis &#8211;\u00a0<a href=\"https:\/\/www.vocal-ny.org\/\" target=\"_blank\" rel=\"noopener\">VOCAL New York<\/a><\/p>\n<p>SIMFEROPOL: Igor Kuzmenko &#8211;\u00a0<a href=\"https:\/\/drogriporter.hu\/en\/dunews%20\/\" target=\"_blank\" rel=\"noopener\">DUNews<\/a><\/p>\n\t<p><strong>OTHERS<\/strong><\/p>\n<p>MUSIK R\u00f3ka Alap\u00fa T\u00e1rsadalom<\/p>\n<p>REKAYASA SUARA: P\u00e9ter Wagner-Pusk\u00e1s<\/p>\n<p>PROOF-READER: Jerry Dorey<\/p>\n<p>PRODUSER P\u00e9ter S\u00e1rosi, direktur of the\u00a0<a href=\"https:\/\/www.rightsreporter.net\/who-we-are\/\" target=\"_blank\" rel=\"noopener\">Rights Reporter Foundation<\/a><\/p>\n<p>DIARAHKAN DAN DIEDIT OLEH Istv\u00e1n G\u00e1bor Tak\u00e1cs, MANAIER VIDEO DARI\u00a0<a href=\"https:\/\/www.rightsreporter.net\/who-we-are\/\" target=\"_blank\" rel=\"noopener\">Rights Reporter Foundation<\/a><\/p>\n<h2>\n\t\tPermutaran Film\n\t<\/h2>\n\t\t\t\t\t<a href=\"javascript:void(0);\" id=\"fl-accordion--label-0\" tabindex=\"0\" aria-controls=\"fl-accordion--panel-0\">Klik di sini untuk melihat semua pemutaran<\/a>\n\t\t\t\t\t\t\t\t\t\t\t<a href=\"#\" id=\"fl-accordion--icon-0\" tabindex=\"-1\" aria-controls=\"fl-accordion--panel-0\"><i>Expand<\/i><\/a>\n\t\t\t\t\t<p>Germany: <a href=\"https:\/\/filmladen.de\/\">BALi-Kinos<\/a>, Rainer Dierichs Platz 1, 34117 Kassel, 5pm, 31.01.2018<\/p>\nUnited Kingdom:\u00a0<a href=\"https:\/\/www.lshtm.ac.uk\/newsevents\/events\/day-life-world-humans-who-use-drugs\">John Snow Lecture Theatre<\/a>, Keppel Street, London WC1E 7HT<br \/>\nUnited Kingdom, 2018 18:00 &#8211; 19:30, 31.01.2018\n<p>Portugal: Instituto de Sa\u00fade P\u00fablica da Universidade do Porto (ISPUP) Rua das Taipas no135 4050-600 Porto, 17.12.2017<\/p>\n<p>Mexico: Cine Tonal\u00e1, 21.10.2017<\/p>\n<p>Germany: Frankfurt, Integrative Drogenhilfe Eastside 01.09.2017<\/p>\n<p>Mexico: Universidad Justo Sierra 07.10.2017<\/p>\n<p>Mexico: Faro de Arag\u00f3n, 06.10.2017<\/p>\n<p>USA: Harm Reduction Coalition &#8211; 22 West 27th St., 5th Floor. New York, NY 02.10.2017<\/p>\n<p>Finnland: Kino Andorra, Helsinki. 05.10.2017, Helsinki Time TBA<\/p>\n<p>Czech Republic: POVALE\u010c SUMMER FESTIVAL, Vale\u010d town, 03.-05.08.2017 Time TBA<\/p>\n<p>Germany: Paderborn, AIDS Hilfe Paderborn 21.07.2017<\/p>\n<p>Czech Republic: Vl\u010dkoviceFest 2017 During the day &#8211; Vl\u010dkovice farm, Neustupov, 15.7.2017 Time TBA<\/p>\n<p>Estonia: Kultuuriklubi Kelm, Tallin, 7 pm. 10.07.2017<\/p>\n<p>USA: San Francisco, VOCAL, 28.06.2017<\/p>\n<p>Switzerland: Geneva Platform on Human Rights, Health and Psychoactive Substances, Campus Biotech, University of Geneva, 26.06.2017<\/p>\nPoland: Dzie\u0144 z \u017cycia u\u017cytkownik\u00f3w narkotyk\u00f3w | Support. Don&#8217;t punish<br \/>\nKrytyka Polityczna, Foksal 16, p.II, 00-372 Warsaw, Poland, 26.06.2017 19:00-21:30\n<p>Czech Republic: L\u0160HR &#8211; Summer school of Harm reduction 2017 Evening &#8211; M\u011bchenice, Prague, 21.-23.06.2017 Time TBA<\/p>\n<p>USA: Drugs in Documentary Films: A Showcase, at the Open Society Foundations, 224 West 57th street, 21.06.2017 17:30-19:30<\/p>\n<p>USA: Dolby Studios 1350 6th Avenue, New York NY 10019, 17.06.2017, 18:00-21:00<\/p>\n<p>Czech Republic: AT KONFERENCE 2017, Kongres Hotel Jezerka, 04.06.2017, 20.00-22.30<\/p>\n<p>Austria &#8211; Gumpendorfer Stra\u00dfe 65, 1060 Vienna, 01.06.2017 at 7 PM &#8211; 10 PM<\/p>\n<p>Hungary &#8211; Must\u00e1rh\u00e1z IITI, Szent Istv\u00e1n utca 20., Ny\u00edregyh\u00e1za, 4400, 26.05.2017<\/p>\n<p>Germany: Hochschule Merseburg, Fachbereich Soziales.Medien und Kultur \u201eDrogen und Soziale Arbeit&#8221; Eberhard-Leibnitz-Str. 2, 06217 Merseburg 04.05.2017 11:00<\/p>\nRussia: Center for Contemporary Culture &#8220;Smena&#8221; Kazan, st. Burkhana Shahidi, 7, 01.05.2017, 18:00 (6:00 PM)<br \/>\n\u0420\u043e\u0441\u0441\u0438\u044f: \u0426\u0435\u043d\u0442\u0440 \u0441\u043e\u0432\u0440\u0435\u043c\u0435\u043d\u043d\u043e\u0439 \u043a\u0443\u043b\u044c\u0442\u0443\u0440\u044b \u00ab\u0421\u043c\u0435\u043d\u0430\u00bb \u0433\u043e\u0440\u043e\u0434 \u041a\u0430\u0437\u0430\u043d\u044c, \u0443\u043b. \u0411\u0443\u0440\u0445\u0430\u043d\u0430 \u0428\u0430\u0445\u0438\u0434\u0438, 7, 1.05.2017 18:00 (6:00 \u0440.\u043c.)\n<p>Germany: Moviemento-Kino Berlin, Kottbusser Damm 22, Berlin-Kreuzberg, 28.04.2017, 14:00 Uhr<\/p>\n<p>Czech Republic: Charles University &#8211; Faculty of Humanities &#8211; Film club &#8211; U K\u0159\u00ed\u017ee 8, 158 00 Prague 5 &#8211; Jinonice, 26.4.2017, 18:30<\/p>\n<p>Czech Republic: \u201eFilmov\u00e9 n\u00e1\u0161lehy&#8221;, Charles University &#8211; Faculty of Addictology, Karlovo n\u00e1m\u011bst\u00ed 40, Praha 2, 25.4.2017, 17:30<\/p>\n<p>Hungary: ELTE Kriminol\u00f3gia tansz\u00e9k \/ ELTE Department of Criminology, 25.04.2017<\/p>\n<p>Indonesia: Manik Organik Restaurant, Bali. 07.04.2017<\/p>\n<p>Germany: VISION e.V. Verein f\u00fcr innovative Drogenselbsthilfe, Neuerburgstr. 25, 51103 K\u00f6ln, 06.04.2017<\/p>\n<p>Nigeria: Lagos State Agency for Control Of AIDS Conference Hall. 31.03.2017 10:00am<\/p>\n<p>Hungary: Otthon mozi &#8211; Europa Cinemas, 6000 Kecskem\u00e9t, Kossuth t\u00e9r 4. 29.03.2017 18:00<\/p>\n<p>Ukraine: Zhovten Cinema, Kiev, Ukraine, 18.03.2017, 14:00, \u041a\u0438\u043d\u043e\u0442\u0435\u0430\u0442\u0440 &#8220;\u0416\u043e\u0432\u0442\u0435\u043d\u044c&#8221;, \u041a\u0438\u0435\u0432, \u0423\u043a\u0440\u0430\u0438\u043d\u0430, 18 \u041c\u0430\u0440\u0442\u0430 2017 \u0433\u043e\u0434\u0430, \u0441 14-00<\/p>\n<p>Hungary: \u00d6kofilmklub &#8211; A38 Haj\u00f3, Budapest, m\u00e1rcius 9. este 19:00 \u00e9s 22:30 k\u00f6z\u00f6tt.<\/p>\n<p>Hungary: ELTE Pszichol\u00f3gia Tansz\u00e9k (T\u00e9rk\u00e9p), 2017.02.28. 17:00<\/p>\n<p>Hungary: ELTE T\u00e1rsadalomtudom\u00e1nyi Kar (T\u00e9rk\u00e9p), 2017.02.20 18:00<\/p>\n<p>USA: Harm Reduction Film Festival at the 11th National Harm Reduction Conference in San Diego, California, November 3-6, 2016. Saturday 05.11.2016 at 16:00.<\/p>\n<p>Budapest: VERZIO International Human Rights Film Festival in Budapest. 12.11.2016. 12:00 Toldi Mozi<\/p>\n<h2>\n\t\tDidukung oleh\n\t<\/h2>\n\t\t\t\t<a href=\"https:\/\/www.inpud.net\/\" target=\"_self\" itemprop=\"url\" rel=\"noopener\">\n\t\t\t\t<img loading=\"lazy\" decoding=\"async\" src=\"https:\/\/drogriporter.hu\/wp-content\/uploads\/sites\/8\/2020\/09\/inpudblack.png\" alt=\"inpudblack\" itemprop=\"image\" height=\"128\" width=\"348\" title=\"inpudblack\" onerror=\"this.style.display='none'\"  \/>\n\t\t\t\t<\/a>\n\t\t\t\t<a href=\"https:\/\/www.opensocietyfoundations.org\/about\/programs\/global-drug-policy-program\/\" target=\"_self\" itemprop=\"url\" rel=\"noopener\">\n\t\t\t\t<img loading=\"lazy\" decoding=\"async\" src=\"https:\/\/drogriporter.hu\/wp-content\/uploads\/sites\/8\/2020\/01\/osf.png\" alt=\"osf\" itemprop=\"image\" height=\"300\" width=\"600\" title=\"osf\" onerror=\"this.style.display='none'\"  \/>\n\t\t\t\t<\/a>\n<h2>\n\t\tTolong dukung pekerjaan kami!\n\t<\/h2>\n\t\t\t<a href=\"https:\/\/drogriporter.hu\/en\/support-us\/\" target=\"_blank\" rel=\"noopener\">\n\t\t\t\t\t\t\tKlik di sini untuk mendukung pekerjaan kami dengan jumlah berapa pun yang Anda rasa sesuai!\n\t\t\t\t\t<\/a>\n\n","protected":false},"excerpt":{"rendered":"<p>Film ini mengangkat cerita satu hari dari tujuh orang, yang berasal dari tujuh kota di tujuh negara yang berbeda, dari pagi hingga malam. Ketujuh orang ini memiliki sesuatu yang sama\u2014semuanya menggunakan napza.<\/p>\n","protected":false},"author":1002,"featured_media":13927,"parent":0,"menu_order":0,"comment_status":"closed","ping_status":"closed","template":"page_builder.php","meta":{"_genesis_hide_title":false,"_genesis_hide_breadcrumbs":false,"_genesis_hide_singular_image":false,"_genesis_hide_footer_widgets":false,"_genesis_custom_body_class":"","_genesis_custom_post_class":"","_genesis_layout":"","footnotes":""},"class_list":{"0":"post-32818","1":"page","2":"type-page","3":"status-publish","4":"has-post-thumbnail","6":"entry"},"featured_image_src":"https:\/\/drogriporter.hu\/wp-content\/uploads\/sites\/8\/2017\/03\/edo-indonesia-small-scaled.jpg","yoast_head":"<!-- This site is optimized with the Yoast SEO Premium plugin  - https:\/\/yoast.com\/product\/yoast-seo-premium-wordpress\/ -->\n<title>Satu hari dalam kehidupan: Dunia orang-orang yang menggunakan napza - Drugreporter<\/title>\n<meta name=\"robots\" content=\"index, follow, max-snippet:-1, max-image-preview:large, max-video-preview:-1\" \/>\n<link rel=\"canonical\" href=\"https:\/\/drogriporter.hu\/en\/a-day-in-the-life-id\/\" \/>\n<meta property=\"og:locale\" content=\"en_US\" \/>\n<meta property=\"og:type\" content=\"article\" \/>\n<meta property=\"og:title\" content=\"Satu hari dalam kehidupan: Dunia orang-orang yang menggunakan napza\" \/>\n<meta property=\"og:description\" content=\"Film ini mengangkat cerita satu hari dari tujuh orang, yang berasal dari tujuh kota di tujuh negara yang berbeda, dari pagi hingga malam. Ketujuh orang ini memiliki sesuatu yang sama\u2014semuanya menggunakan napza.\" \/>\n<meta property=\"og:url\" content=\"https:\/\/drogriporter.hu\/en\/a-day-in-the-life-id\/\" \/>\n<meta property=\"og:site_name\" content=\"Drugreporter\" \/>\n<meta property=\"article:modified_time\" content=\"2024-05-07T08:55:20+00:00\" \/>\n<meta property=\"og:image\" content=\"https:\/\/drogriporter.hu\/wp-content\/uploads\/sites\/8\/2017\/03\/edo-indonesia-small-scaled.jpg\" \/>\n\t<meta property=\"og:image:width\" content=\"2048\" \/>\n\t<meta property=\"og:image:height\" content=\"1016\" \/>\n\t<meta property=\"og:image:type\" content=\"image\/jpeg\" \/>\n<meta name=\"twitter:card\" content=\"summary_large_image\" \/>\n<meta name=\"twitter:label1\" content=\"Est. reading time\" \/>\n\t<meta name=\"twitter:data1\" content=\"6 minutes\" \/>\n<script type=\"application\/ld+json\" class=\"yoast-schema-graph\">{\"@context\":\"https:\\\/\\\/schema.org\",\"@graph\":[{\"@type\":\"WebPage\",\"@id\":\"https:\\\/\\\/drogriporter.hu\\\/en\\\/a-day-in-the-life-id\\\/\",\"url\":\"https:\\\/\\\/drogriporter.hu\\\/en\\\/a-day-in-the-life-id\\\/\",\"name\":\"Satu hari dalam kehidupan: Dunia orang-orang yang menggunakan napza - Drugreporter\",\"isPartOf\":{\"@id\":\"https:\\\/\\\/drogriporter.hu\\\/en\\\/#website\"},\"primaryImageOfPage\":{\"@id\":\"https:\\\/\\\/drogriporter.hu\\\/en\\\/a-day-in-the-life-id\\\/#primaryimage\"},\"image\":{\"@id\":\"https:\\\/\\\/drogriporter.hu\\\/en\\\/a-day-in-the-life-id\\\/#primaryimage\"},\"thumbnailUrl\":\"https:\\\/\\\/drogriporter.hu\\\/wp-content\\\/uploads\\\/sites\\\/8\\\/2017\\\/03\\\/edo-indonesia-small-scaled.jpg\",\"datePublished\":\"2017-03-30T08:10:00+00:00\",\"dateModified\":\"2024-05-07T08:55:20+00:00\",\"breadcrumb\":{\"@id\":\"https:\\\/\\\/drogriporter.hu\\\/en\\\/a-day-in-the-life-id\\\/#breadcrumb\"},\"inLanguage\":\"en-US\",\"potentialAction\":[{\"@type\":\"ReadAction\",\"target\":[\"https:\\\/\\\/drogriporter.hu\\\/en\\\/a-day-in-the-life-id\\\/\"]}]},{\"@type\":\"ImageObject\",\"inLanguage\":\"en-US\",\"@id\":\"https:\\\/\\\/drogriporter.hu\\\/en\\\/a-day-in-the-life-id\\\/#primaryimage\",\"url\":\"https:\\\/\\\/drogriporter.hu\\\/wp-content\\\/uploads\\\/sites\\\/8\\\/2017\\\/03\\\/edo-indonesia-small-scaled.jpg\",\"contentUrl\":\"https:\\\/\\\/drogriporter.hu\\\/wp-content\\\/uploads\\\/sites\\\/8\\\/2017\\\/03\\\/edo-indonesia-small-scaled.jpg\",\"width\":2048,\"height\":1016},{\"@type\":\"BreadcrumbList\",\"@id\":\"https:\\\/\\\/drogriporter.hu\\\/en\\\/a-day-in-the-life-id\\\/#breadcrumb\",\"itemListElement\":[{\"@type\":\"ListItem\",\"position\":1,\"name\":\"Home\",\"item\":\"https:\\\/\\\/drogriporter.hu\\\/en\\\/\"},{\"@type\":\"ListItem\",\"position\":2,\"name\":\"Satu hari dalam kehidupan: Dunia orang-orang yang menggunakan napza\"}]},{\"@type\":\"WebSite\",\"@id\":\"https:\\\/\\\/drogriporter.hu\\\/en\\\/#website\",\"url\":\"https:\\\/\\\/drogriporter.hu\\\/en\\\/\",\"name\":\"Drugreporter\",\"description\":\"News and Films from the Frontline of the War on Drugs\",\"potentialAction\":[{\"@type\":\"SearchAction\",\"target\":{\"@type\":\"EntryPoint\",\"urlTemplate\":\"https:\\\/\\\/drogriporter.hu\\\/en\\\/?s={search_term_string}\"},\"query-input\":{\"@type\":\"PropertyValueSpecification\",\"valueRequired\":true,\"valueName\":\"search_term_string\"}}],\"inLanguage\":\"en-US\"}]}<\/script>\n<!-- \/ Yoast SEO Premium plugin. -->","yoast_head_json":{"title":"Satu hari dalam kehidupan: Dunia orang-orang yang menggunakan napza - Drugreporter","robots":{"index":"index","follow":"follow","max-snippet":"max-snippet:-1","max-image-preview":"max-image-preview:large","max-video-preview":"max-video-preview:-1"},"canonical":"https:\/\/drogriporter.hu\/en\/a-day-in-the-life-id\/","og_locale":"en_US","og_type":"article","og_title":"Satu hari dalam kehidupan: Dunia orang-orang yang menggunakan napza","og_description":"Film ini mengangkat cerita satu hari dari tujuh orang, yang berasal dari tujuh kota di tujuh negara yang berbeda, dari pagi hingga malam. Ketujuh orang ini memiliki sesuatu yang sama\u2014semuanya menggunakan napza.","og_url":"https:\/\/drogriporter.hu\/en\/a-day-in-the-life-id\/","og_site_name":"Drugreporter","article_modified_time":"2024-05-07T08:55:20+00:00","og_image":[{"width":2048,"height":1016,"url":"https:\/\/drogriporter.hu\/wp-content\/uploads\/sites\/8\/2017\/03\/edo-indonesia-small-scaled.jpg","type":"image\/jpeg"}],"twitter_card":"summary_large_image","twitter_misc":{"Est. reading time":"6 minutes"},"schema":{"@context":"https:\/\/schema.org","@graph":[{"@type":"WebPage","@id":"https:\/\/drogriporter.hu\/en\/a-day-in-the-life-id\/","url":"https:\/\/drogriporter.hu\/en\/a-day-in-the-life-id\/","name":"Satu hari dalam kehidupan: Dunia orang-orang yang menggunakan napza - Drugreporter","isPartOf":{"@id":"https:\/\/drogriporter.hu\/en\/#website"},"primaryImageOfPage":{"@id":"https:\/\/drogriporter.hu\/en\/a-day-in-the-life-id\/#primaryimage"},"image":{"@id":"https:\/\/drogriporter.hu\/en\/a-day-in-the-life-id\/#primaryimage"},"thumbnailUrl":"https:\/\/drogriporter.hu\/wp-content\/uploads\/sites\/8\/2017\/03\/edo-indonesia-small-scaled.jpg","datePublished":"2017-03-30T08:10:00+00:00","dateModified":"2024-05-07T08:55:20+00:00","breadcrumb":{"@id":"https:\/\/drogriporter.hu\/en\/a-day-in-the-life-id\/#breadcrumb"},"inLanguage":"en-US","potentialAction":[{"@type":"ReadAction","target":["https:\/\/drogriporter.hu\/en\/a-day-in-the-life-id\/"]}]},{"@type":"ImageObject","inLanguage":"en-US","@id":"https:\/\/drogriporter.hu\/en\/a-day-in-the-life-id\/#primaryimage","url":"https:\/\/drogriporter.hu\/wp-content\/uploads\/sites\/8\/2017\/03\/edo-indonesia-small-scaled.jpg","contentUrl":"https:\/\/drogriporter.hu\/wp-content\/uploads\/sites\/8\/2017\/03\/edo-indonesia-small-scaled.jpg","width":2048,"height":1016},{"@type":"BreadcrumbList","@id":"https:\/\/drogriporter.hu\/en\/a-day-in-the-life-id\/#breadcrumb","itemListElement":[{"@type":"ListItem","position":1,"name":"Home","item":"https:\/\/drogriporter.hu\/en\/"},{"@type":"ListItem","position":2,"name":"Satu hari dalam kehidupan: Dunia orang-orang yang menggunakan napza"}]},{"@type":"WebSite","@id":"https:\/\/drogriporter.hu\/en\/#website","url":"https:\/\/drogriporter.hu\/en\/","name":"Drugreporter","description":"News and Films from the Frontline of the War on Drugs","potentialAction":[{"@type":"SearchAction","target":{"@type":"EntryPoint","urlTemplate":"https:\/\/drogriporter.hu\/en\/?s={search_term_string}"},"query-input":{"@type":"PropertyValueSpecification","valueRequired":true,"valueName":"search_term_string"}}],"inLanguage":"en-US"}]}},"featured_image_src_square":"https:\/\/drogriporter.hu\/wp-content\/uploads\/sites\/8\/2017\/03\/edo-indonesia-small-scaled.jpg","_links":{"self":[{"href":"https:\/\/drogriporter.hu\/en\/wp-json\/wp\/v2\/pages\/32818","targetHints":{"allow":["GET"]}}],"collection":[{"href":"https:\/\/drogriporter.hu\/en\/wp-json\/wp\/v2\/pages"}],"about":[{"href":"https:\/\/drogriporter.hu\/en\/wp-json\/wp\/v2\/types\/page"}],"author":[{"embeddable":true,"href":"https:\/\/drogriporter.hu\/en\/wp-json\/wp\/v2\/users\/1002"}],"replies":[{"embeddable":true,"href":"https:\/\/drogriporter.hu\/en\/wp-json\/wp\/v2\/comments?post=32818"}],"version-history":[{"count":0,"href":"https:\/\/drogriporter.hu\/en\/wp-json\/wp\/v2\/pages\/32818\/revisions"}],"wp:featuredmedia":[{"embeddable":true,"href":"https:\/\/drogriporter.hu\/en\/wp-json\/wp\/v2\/media\/13927"}],"wp:attachment":[{"href":"https:\/\/drogriporter.hu\/en\/wp-json\/wp\/v2\/media?parent=32818"}],"curies":[{"name":"wp","href":"https:\/\/api.w.org\/{rel}","templated":true}]}}