{"id":7446,"date":"2017-08-28T13:30:19","date_gmt":"2017-08-28T13:30:19","guid":{"rendered":"https:\/\/drogriporter.hu\/?page_id=7446\/"},"modified":"2024-05-08T14:19:56","modified_gmt":"2024-05-08T12:19:56","slug":"about-us","status":"publish","type":"page","link":"https:\/\/drogriporter.hu\/en\/about-us\/","title":{"rendered":"About Us"},"content":{"rendered":"\n<p>Welcome to Drugreporter!<\/p>\n\n\n\n<div class=\"wp-block-columns is-layout-flex wp-container-core-columns-is-layout-9d6595d7 wp-block-columns-is-layout-flex\">\n<div class=\"wp-block-column is-layout-flow wp-block-column-is-layout-flow\" style=\"flex-basis:66.66%\">\n<p>Drugreporter is the drug policy website of the <a href=\"https:\/\/rightsreporter.net\">Rights Reporter Foundation<\/a>. The website was created in 2004 to promote drug policy reform advocacy in the region. In 2007 we started our video advocacy program and our website has become an international hub for English and Russian language news articles, blogs and films about harm reduction and drug policy reform. Our <a href=\"https:\/\/drogriporter.hu\/en\/category\/video-database\/\" target=\"_blank\" rel=\"noreferrer noopener\">film database <\/a>contains hundreds of short films aiming at educating and mobilising people. We provide<a href=\"https:\/\/rightsreporter.net\/training\/\" target=\"_blank\" rel=\"noreferrer noopener\"> training <\/a>for activists and professionals on how to make and use films for advocacy, as well as how to communicate more effectively. We are in the forefront of harm reduction and drug policy reform advocacy activities in Hungary and in&nbsp;Europe.<\/p>\n\n\n\n<p><a href=\"https:\/\/rightsreporter.net\/about-us\/\" target=\"_blank\" rel=\"noreferrer noopener\">You can read our annual reports here.<\/a><\/p>\n<\/div>\n\n\n\n<div class=\"wp-block-column is-layout-flow wp-block-column-is-layout-flow\" style=\"flex-basis:33.33%\"><div class=\"wp-block-image\">\n<figure class=\"alignleft size-full\"><a href=\"https:\/\/rightsreporter.net\/\"><img loading=\"lazy\" decoding=\"async\" width=\"533\" height=\"270\" src=\"https:\/\/drogriporter.hu\/wp-content\/uploads\/sites\/8\/2020\/12\/rrf-logo-web.png\" alt=\"\" class=\"wp-image-14202\" srcset=\"https:\/\/drogriporter.hu\/wp-content\/uploads\/sites\/8\/2020\/12\/rrf-logo-web.png 533w, https:\/\/drogriporter.hu\/wp-content\/uploads\/sites\/8\/2020\/12\/rrf-logo-web-300x152.png 300w\" sizes=\"auto, (max-width: 533px) 100vw, 533px\" \/><\/a><\/figure>\n<\/div>\n\n\n<p class=\"has-text-align-left\"><strong>Rights Reporter Foundation<br><\/strong>Hungary, 1032 Budapest, San Marco Street 70. rightsreporter@rightsreporter.net<\/p>\n<\/div>\n<\/div>\n\n\n\n<h3 class=\"wp-block-heading\" id=\"h-editors\">EDITORS:<\/h3>\n\n\n\n<div style=\"background-color:#f2f2f2;color:#32373c\" class=\"wp-block-genesis-blocks-gb-profile-box square gb-has-avatar gb-font-size-18 gb-block-profile gb-profile-columns\"><div class=\"gb-profile-column gb-profile-avatar-wrap\"><div class=\"gb-profile-image-wrap\"><figure class=\"gb-profile-image-square\"><img loading=\"lazy\" decoding=\"async\" width=\"415\" height=\"415\" class=\"gb-profile-avatar wp-image-18039\" src=\"https:\/\/drogriporter.hu\/wp-content\/uploads\/sites\/8\/2021\/03\/speter.jpg\" alt=\"\" srcset=\"https:\/\/drogriporter.hu\/wp-content\/uploads\/sites\/8\/2021\/03\/speter.jpg 415w, https:\/\/drogriporter.hu\/wp-content\/uploads\/sites\/8\/2021\/03\/speter-300x300.jpg 300w, https:\/\/drogriporter.hu\/wp-content\/uploads\/sites\/8\/2021\/03\/speter-150x150.jpg 150w, https:\/\/drogriporter.hu\/wp-content\/uploads\/sites\/8\/2021\/03\/speter-100x100.jpg 100w\" sizes=\"auto, (max-width: 415px) 100vw, 415px\" \/><\/figure><\/div><\/div><div class=\"gb-profile-column gb-profile-content-wrap\"><h2 class=\"gb-profile-name\" style=\"color:#32373c\"><a href=\"mailto: sarosip@righstreporter.net\"><strong>P\u00e9ter S\u00e1rosi<\/strong><\/a><\/h2><p class=\"gb-profile-title\" style=\"color:#32373c\"><strong>Executive Director of the Rights Reporter Foundation<\/strong><\/p><div class=\"gb-profile-text\"><p>P\u00e9ter S\u00e1rosi is a human rights activist and drug policy expert, the founder and editor of the Drugreporter website since 2004, the author of countless articles, co-author of books and director of films about harm reduction and drug policy reform. He was the Director of the Drug Policy Program at the Hungarian Civil Liberties Union between 2004 and 2015. He is experienced in working at international drug policy forums such as the Commission on Narcotic Drugs. He was twice elected to the Core Group of the EU Civil Society Forum on Drugs. He is advisory board member of the Eurasian Harm Reduction Association (EHRA) and the Steering Committee member of the Correlation European Harm Reduction Network.&nbsp; He was representing the Hungarian Harm Reduction Network at the government\u2019s drug advisory body in Hungary&nbsp; between 2007 and 2015. As a member of the Drugreporter video advocacy team, he has produced videos about drug policy issues in a number of countries. These videos are now part of a unique online drug policy video library.<\/p><\/div><ul class=\"gb-social-links\"><\/ul><\/div><\/div>\n\n\n\n<div style=\"background-color:#f2f2f2;color:#32373c\" class=\"wp-block-genesis-blocks-gb-profile-box square gb-has-avatar gb-font-size-18 gb-block-profile gb-profile-columns\"><div class=\"gb-profile-column gb-profile-avatar-wrap\"><div class=\"gb-profile-image-wrap\"><figure class=\"gb-profile-image-square\"><img loading=\"lazy\" decoding=\"async\" width=\"415\" height=\"415\" class=\"gb-profile-avatar wp-image-18042\" src=\"https:\/\/drogriporter.hu\/wp-content\/uploads\/sites\/8\/2021\/03\/tistvan.jpg\" alt=\"\" srcset=\"https:\/\/drogriporter.hu\/wp-content\/uploads\/sites\/8\/2021\/03\/tistvan.jpg 415w, https:\/\/drogriporter.hu\/wp-content\/uploads\/sites\/8\/2021\/03\/tistvan-300x300.jpg 300w, https:\/\/drogriporter.hu\/wp-content\/uploads\/sites\/8\/2021\/03\/tistvan-150x150.jpg 150w, https:\/\/drogriporter.hu\/wp-content\/uploads\/sites\/8\/2021\/03\/tistvan-100x100.jpg 100w\" sizes=\"auto, (max-width: 415px) 100vw, 415px\" \/><\/figure><\/div><\/div><div class=\"gb-profile-column gb-profile-content-wrap\"><h2 class=\"gb-profile-name\" style=\"color:#32373c\"><a href=\"mailto: sarosip@righstreporter.net\"><\/a><a href=\"mailto:%20takacsistvangabor@righstreporter.net\"><strong>Istv\u00e1n G\u00e1bor Tak\u00e1cs<\/strong><\/a><\/h2><p class=\"gb-profile-title\" style=\"color:#32373c\"><strong><strong>Video Manager of the Rights Reporter Foundation.<\/strong><\/strong><\/p><div class=\"gb-profile-text\"><p>Istv\u00e1n G\u00e1bor Tak\u00e1cs is a human rights activist, videographer and trainer. He ran the Video Advocacy Program of the Hungarian Civil Liberties Union between 2007-2015. He worked as a needle exchange program counselor for 5 years. He is author of several articles on harm reduction and cameraman, editor, director and co-director of more than 700 online videos, among them longer documentaries, such as &#8220;<a href=\"https:\/\/drogriporter.hu\/en\/kostya\/\" target=\"_blank\" rel=\"noreferrer noopener\">Kostya Proletarsky<\/a>&#8221; (2020), &#8220;<a href=\"https:\/\/drogriporter.hu\/en\/taking-back-whats-ours\/\" target=\"_blank\" rel=\"noreferrer noopener\">Taking Back What&#8217;s Ours: An Oral History of the Movement of People who Use Drugs<\/a>&#8221; (2020) \u201d<a href=\"https:\/\/www.adayinthelifemovie.com\/\" target=\"_blank\" rel=\"noreferrer noopener\">A Day in the Life: The World of Humans Who Use Drugs<\/a>\u201d (2016), \u201c<a href=\"https:\/\/vimeo.com\/8156929\" target=\"_blank\" rel=\"noreferrer noopener\">Without Rights<\/a>\u201d (2009), \u201c<a href=\"https:\/\/vimeo.com\/86407938\" target=\"_blank\" rel=\"noreferrer noopener\">Without a Chance<\/a>\u201d (2014), \u201c<a href=\"https:\/\/youtu.be\/CfzcKHBz_kM\" target=\"_blank\" rel=\"noreferrer noopener\">Room in the 8th District<\/a>\u201d (2014) and \u201c<a href=\"https:\/\/www.youtube.com\/watch?time_continue=2&amp;v=Yxp-nKIG5qc\" target=\"_blank\" rel=\"noreferrer noopener\">The Invisible<\/a>\u201d (2011). Since 2016 he works at the Rights Reporter Foundation, where besides producing films, he is training activists in video advocacy.<\/p><\/div><ul class=\"gb-social-links\"><\/ul><\/div><\/div>\n\n\n\n<h3 class=\"wp-block-heading\" id=\"h-drug-users-news-authors\">Drug Users News Authors:<\/h3>\n\n\n\n<div style=\"background-color:#f2f2f2;color:#32373c\" class=\"wp-block-genesis-blocks-gb-profile-box square gb-has-avatar gb-font-size-18 gb-block-profile gb-profile-columns\"><div class=\"gb-profile-column gb-profile-avatar-wrap\"><div class=\"gb-profile-image-wrap\"><figure class=\"gb-profile-image-square\"><img loading=\"lazy\" decoding=\"async\" width=\"720\" height=\"720\" class=\"gb-profile-avatar wp-image-18086\" src=\"https:\/\/drogriporter.hu\/wp-content\/uploads\/sites\/8\/2021\/03\/17862647-1622429681115609-7747633085955641179-n.jpeg\" alt=\"\" srcset=\"https:\/\/drogriporter.hu\/wp-content\/uploads\/sites\/8\/2021\/03\/17862647-1622429681115609-7747633085955641179-n.jpeg 720w, https:\/\/drogriporter.hu\/wp-content\/uploads\/sites\/8\/2021\/03\/17862647-1622429681115609-7747633085955641179-n-300x300.jpeg 300w, https:\/\/drogriporter.hu\/wp-content\/uploads\/sites\/8\/2021\/03\/17862647-1622429681115609-7747633085955641179-n-150x150.jpeg 150w, https:\/\/drogriporter.hu\/wp-content\/uploads\/sites\/8\/2021\/03\/17862647-1622429681115609-7747633085955641179-n-100x100.jpeg 100w, https:\/\/drogriporter.hu\/wp-content\/uploads\/sites\/8\/2021\/03\/17862647-1622429681115609-7747633085955641179-n-600x600.jpeg 600w\" sizes=\"auto, (max-width: 720px) 100vw, 720px\" \/><\/figure><\/div><\/div><div class=\"gb-profile-column gb-profile-content-wrap\"><h2 class=\"gb-profile-name\" style=\"color:#32373c\"><a href=\"mailto: sarosip@righstreporter.net\"><\/a><a href=\"mailto:%20takacsistvangabor@righstreporter.net\"><\/a><strong><strong>Igor Kuzmenko<\/strong><\/strong><\/h2><p class=\"gb-profile-title\" style=\"color:#32373c\"><strong><strong><strong>Drug Users News author and videographer<\/strong><\/strong><\/strong><\/p><div class=\"gb-profile-text\"><p><\/p><\/div><ul class=\"gb-social-links\"><\/ul><\/div><\/div>\n\n\n\n<div style=\"background-color:#f2f2f2;color:#32373c\" class=\"wp-block-genesis-blocks-gb-profile-box square gb-has-avatar gb-font-size-18 gb-block-profile gb-profile-columns\"><div class=\"gb-profile-column gb-profile-avatar-wrap\"><div class=\"gb-profile-image-wrap\"><figure class=\"gb-profile-image-square\"><img loading=\"lazy\" decoding=\"async\" width=\"569\" height=\"569\" class=\"gb-profile-avatar wp-image-18089\" src=\"https:\/\/drogriporter.hu\/wp-content\/uploads\/sites\/8\/2021\/03\/62492094-2231427380246234-4894444833877262336-n.jpeg\" alt=\"\" srcset=\"https:\/\/drogriporter.hu\/wp-content\/uploads\/sites\/8\/2021\/03\/62492094-2231427380246234-4894444833877262336-n.jpeg 569w, https:\/\/drogriporter.hu\/wp-content\/uploads\/sites\/8\/2021\/03\/62492094-2231427380246234-4894444833877262336-n-300x300.jpeg 300w, https:\/\/drogriporter.hu\/wp-content\/uploads\/sites\/8\/2021\/03\/62492094-2231427380246234-4894444833877262336-n-150x150.jpeg 150w, https:\/\/drogriporter.hu\/wp-content\/uploads\/sites\/8\/2021\/03\/62492094-2231427380246234-4894444833877262336-n-100x100.jpeg 100w\" sizes=\"auto, (max-width: 569px) 100vw, 569px\" \/><\/figure><\/div><\/div><div class=\"gb-profile-column gb-profile-content-wrap\"><h2 class=\"gb-profile-name\" style=\"color:#32373c\"><a href=\"mailto: sarosip@righstreporter.net\"><\/a><a href=\"mailto:%20takacsistvangabor@righstreporter.net\"><\/a><strong><strong>Alexander Levin<\/strong><\/strong><\/h2><p class=\"gb-profile-title\" style=\"color:#32373c\"><strong><strong><strong>Drug Users News author and reporter<\/strong><\/strong><\/strong><\/p><div class=\"gb-profile-text\"><p><\/p><\/div><ul class=\"gb-social-links\"><\/ul><\/div><\/div>\n\n\n\n<p><\/p>\n","protected":false},"excerpt":{"rendered":"<p>About us&#8230;<\/p>\n","protected":false},"author":1002,"featured_media":7549,"parent":0,"menu_order":0,"comment_status":"closed","ping_status":"closed","template":"","meta":{"_genesis_hide_title":false,"_genesis_hide_breadcrumbs":false,"_genesis_hide_singular_image":false,"_genesis_hide_footer_widgets":false,"_genesis_custom_body_class":"","_genesis_custom_post_class":"","_genesis_layout":"full-width-content","footnotes":""},"class_list":{"0":"post-7446","1":"page","2":"type-page","3":"status-publish","4":"has-post-thumbnail","6":"entry"},"featured_image_src":"https:\/\/drogriporter.hu\/wp-content\/uploads\/sites\/8\/2017\/08\/aboutus.png","yoast_head":"<!-- This site is optimized with the Yoast SEO Premium plugin  - https:\/\/yoast.com\/product\/yoast-seo-premium-wordpress\/ -->\n<title>About Us - Drugreporter<\/title>\n<meta name=\"robots\" content=\"index, follow, max-snippet:-1, max-image-preview:large, max-video-preview:-1\" \/>\n<link rel=\"canonical\" href=\"https:\/\/drogriporter.hu\/en\/about-us\/\" \/>\n<meta property=\"og:locale\" content=\"en_US\" \/>\n<meta property=\"og:type\" content=\"article\" \/>\n<meta property=\"og:title\" content=\"About Us\" \/>\n<meta property=\"og:description\" content=\"About us...\" \/>\n<meta property=\"og:url\" content=\"https:\/\/drogriporter.hu\/en\/about-us\/\" \/>\n<meta property=\"og:site_name\" content=\"Drugreporter\" \/>\n<meta property=\"article:modified_time\" content=\"2024-05-08T12:19:56+00:00\" \/>\n<meta property=\"og:image\" content=\"https:\/\/drogriporter.hu\/wp-content\/uploads\/sites\/8\/2017\/08\/aboutus.png\" \/>\n\t<meta property=\"og:image:width\" content=\"870\" \/>\n\t<meta property=\"og:image:height\" content=\"500\" \/>\n\t<meta property=\"og:image:type\" content=\"image\/png\" \/>\n<meta name=\"twitter:card\" content=\"summary_large_image\" \/>\n<meta name=\"twitter:label1\" content=\"Est. reading time\" \/>\n\t<meta name=\"twitter:data1\" content=\"4 minutes\" \/>\n<script type=\"application\/ld+json\" class=\"yoast-schema-graph\">{\"@context\":\"https:\\\/\\\/schema.org\",\"@graph\":[{\"@type\":\"WebPage\",\"@id\":\"https:\\\/\\\/drogriporter.hu\\\/en\\\/about-us\\\/\",\"url\":\"https:\\\/\\\/drogriporter.hu\\\/en\\\/about-us\\\/\",\"name\":\"About Us - Drugreporter\",\"isPartOf\":{\"@id\":\"https:\\\/\\\/drogriporter.hu\\\/en\\\/#website\"},\"primaryImageOfPage\":{\"@id\":\"https:\\\/\\\/drogriporter.hu\\\/en\\\/about-us\\\/#primaryimage\"},\"image\":{\"@id\":\"https:\\\/\\\/drogriporter.hu\\\/en\\\/about-us\\\/#primaryimage\"},\"thumbnailUrl\":\"https:\\\/\\\/drogriporter.hu\\\/wp-content\\\/uploads\\\/sites\\\/8\\\/2017\\\/08\\\/aboutus.png\",\"datePublished\":\"2017-08-28T13:30:19+00:00\",\"dateModified\":\"2024-05-08T12:19:56+00:00\",\"breadcrumb\":{\"@id\":\"https:\\\/\\\/drogriporter.hu\\\/en\\\/about-us\\\/#breadcrumb\"},\"inLanguage\":\"en-US\",\"potentialAction\":[{\"@type\":\"ReadAction\",\"target\":[\"https:\\\/\\\/drogriporter.hu\\\/en\\\/about-us\\\/\"]}]},{\"@type\":\"ImageObject\",\"inLanguage\":\"en-US\",\"@id\":\"https:\\\/\\\/drogriporter.hu\\\/en\\\/about-us\\\/#primaryimage\",\"url\":\"https:\\\/\\\/drogriporter.hu\\\/wp-content\\\/uploads\\\/sites\\\/8\\\/2017\\\/08\\\/aboutus.png\",\"contentUrl\":\"https:\\\/\\\/drogriporter.hu\\\/wp-content\\\/uploads\\\/sites\\\/8\\\/2017\\\/08\\\/aboutus.png\",\"width\":870,\"height\":500},{\"@type\":\"BreadcrumbList\",\"@id\":\"https:\\\/\\\/drogriporter.hu\\\/en\\\/about-us\\\/#breadcrumb\",\"itemListElement\":[{\"@type\":\"ListItem\",\"position\":1,\"name\":\"Home\",\"item\":\"https:\\\/\\\/drogriporter.hu\\\/en\\\/\"},{\"@type\":\"ListItem\",\"position\":2,\"name\":\"About Us\"}]},{\"@type\":\"WebSite\",\"@id\":\"https:\\\/\\\/drogriporter.hu\\\/en\\\/#website\",\"url\":\"https:\\\/\\\/drogriporter.hu\\\/en\\\/\",\"name\":\"Drugreporter\",\"description\":\"News and Films from the Frontline of the War on Drugs\",\"potentialAction\":[{\"@type\":\"SearchAction\",\"target\":{\"@type\":\"EntryPoint\",\"urlTemplate\":\"https:\\\/\\\/drogriporter.hu\\\/en\\\/?s={search_term_string}\"},\"query-input\":{\"@type\":\"PropertyValueSpecification\",\"valueRequired\":true,\"valueName\":\"search_term_string\"}}],\"inLanguage\":\"en-US\"}]}<\/script>\n<!-- \/ Yoast SEO Premium plugin. -->","yoast_head_json":{"title":"About Us - Drugreporter","robots":{"index":"index","follow":"follow","max-snippet":"max-snippet:-1","max-image-preview":"max-image-preview:large","max-video-preview":"max-video-preview:-1"},"canonical":"https:\/\/drogriporter.hu\/en\/about-us\/","og_locale":"en_US","og_type":"article","og_title":"About Us","og_description":"About us...","og_url":"https:\/\/drogriporter.hu\/en\/about-us\/","og_site_name":"Drugreporter","article_modified_time":"2024-05-08T12:19:56+00:00","og_image":[{"width":870,"height":500,"url":"https:\/\/drogriporter.hu\/wp-content\/uploads\/sites\/8\/2017\/08\/aboutus.png","type":"image\/png"}],"twitter_card":"summary_large_image","twitter_misc":{"Est. reading time":"4 minutes"},"schema":{"@context":"https:\/\/schema.org","@graph":[{"@type":"WebPage","@id":"https:\/\/drogriporter.hu\/en\/about-us\/","url":"https:\/\/drogriporter.hu\/en\/about-us\/","name":"About Us - Drugreporter","isPartOf":{"@id":"https:\/\/drogriporter.hu\/en\/#website"},"primaryImageOfPage":{"@id":"https:\/\/drogriporter.hu\/en\/about-us\/#primaryimage"},"image":{"@id":"https:\/\/drogriporter.hu\/en\/about-us\/#primaryimage"},"thumbnailUrl":"https:\/\/drogriporter.hu\/wp-content\/uploads\/sites\/8\/2017\/08\/aboutus.png","datePublished":"2017-08-28T13:30:19+00:00","dateModified":"2024-05-08T12:19:56+00:00","breadcrumb":{"@id":"https:\/\/drogriporter.hu\/en\/about-us\/#breadcrumb"},"inLanguage":"en-US","potentialAction":[{"@type":"ReadAction","target":["https:\/\/drogriporter.hu\/en\/about-us\/"]}]},{"@type":"ImageObject","inLanguage":"en-US","@id":"https:\/\/drogriporter.hu\/en\/about-us\/#primaryimage","url":"https:\/\/drogriporter.hu\/wp-content\/uploads\/sites\/8\/2017\/08\/aboutus.png","contentUrl":"https:\/\/drogriporter.hu\/wp-content\/uploads\/sites\/8\/2017\/08\/aboutus.png","width":870,"height":500},{"@type":"BreadcrumbList","@id":"https:\/\/drogriporter.hu\/en\/about-us\/#breadcrumb","itemListElement":[{"@type":"ListItem","position":1,"name":"Home","item":"https:\/\/drogriporter.hu\/en\/"},{"@type":"ListItem","position":2,"name":"About Us"}]},{"@type":"WebSite","@id":"https:\/\/drogriporter.hu\/en\/#website","url":"https:\/\/drogriporter.hu\/en\/","name":"Drugreporter","description":"News and Films from the Frontline of the War on Drugs","potentialAction":[{"@type":"SearchAction","target":{"@type":"EntryPoint","urlTemplate":"https:\/\/drogriporter.hu\/en\/?s={search_term_string}"},"query-input":{"@type":"PropertyValueSpecification","valueRequired":true,"valueName":"search_term_string"}}],"inLanguage":"en-US"}]}},"featured_image_src_square":"https:\/\/drogriporter.hu\/wp-content\/uploads\/sites\/8\/2017\/08\/aboutus.png","_links":{"self":[{"href":"https:\/\/drogriporter.hu\/en\/wp-json\/wp\/v2\/pages\/7446","targetHints":{"allow":["GET"]}}],"collection":[{"href":"https:\/\/drogriporter.hu\/en\/wp-json\/wp\/v2\/pages"}],"about":[{"href":"https:\/\/drogriporter.hu\/en\/wp-json\/wp\/v2\/types\/page"}],"author":[{"embeddable":true,"href":"https:\/\/drogriporter.hu\/en\/wp-json\/wp\/v2\/users\/1002"}],"replies":[{"embeddable":true,"href":"https:\/\/drogriporter.hu\/en\/wp-json\/wp\/v2\/comments?post=7446"}],"version-history":[{"count":0,"href":"https:\/\/drogriporter.hu\/en\/wp-json\/wp\/v2\/pages\/7446\/revisions"}],"wp:featuredmedia":[{"embeddable":true,"href":"https:\/\/drogriporter.hu\/en\/wp-json\/wp\/v2\/media\/7549"}],"wp:attachment":[{"href":"https:\/\/drogriporter.hu\/en\/wp-json\/wp\/v2\/media?parent=7446"}],"curies":[{"name":"wp","href":"https:\/\/api.w.org\/{rel}","templated":true}]}}